{"id":174,"date":"2023-02-04T18:04:40","date_gmt":"2023-02-04T18:04:40","guid":{"rendered":"https:\/\/fksveikata.lt\/?page_id=174"},"modified":"2023-06-13T15:02:43","modified_gmt":"2023-06-13T15:02:43","slug":"v-kochanausko-paminklas","status":"publish","type":"page","link":"https:\/\/fksveikata.lt\/index.php\/v-kochanausko-paminklas\/","title":{"rendered":"V. Kochanausko paminklas"},"content":{"rendered":"\n<figure class=\"wp-block-image aligncenter size-large\"><img loading=\"lazy\" decoding=\"async\" width=\"1024\" height=\"594\" src=\"https:\/\/fksveikata.lt\/wp-content\/uploads\/2023\/05\/foto-kocha-1024x594.png\" alt=\"\" class=\"wp-image-465\" srcset=\"https:\/\/fksveikata.lt\/wp-content\/uploads\/2023\/05\/foto-kocha-1024x594.png 1024w, https:\/\/fksveikata.lt\/wp-content\/uploads\/2023\/05\/foto-kocha-300x174.png 300w, https:\/\/fksveikata.lt\/wp-content\/uploads\/2023\/05\/foto-kocha-768x445.png 768w, https:\/\/fksveikata.lt\/wp-content\/uploads\/2023\/05\/foto-kocha-200x116.png 200w, https:\/\/fksveikata.lt\/wp-content\/uploads\/2023\/05\/foto-kocha.png 1178w\" sizes=\"auto, (max-width: 1024px) 100vw, 1024px\" \/><\/figure>\n\n\n\n<p class=\"has-secondary-color has-text-color\"><strong>Vytautas Kochanauskas<\/strong> \u2013 futbolininkas, ledo ritulininkas, treneris, sporto darbuotojas.<strong> Gim\u0117 1924 m<\/strong>. gruod\u017eio 7 d. Kybartuose. 1941 m. baig\u0117 <strong>Kybart\u0173 <\/strong>gimnazij\u0105. Mok\u0117si Vilniaus gele\u017einkelinink\u0173 mokykloje Nr. 1. 1974 m. mok\u0117si futbolo treneri\u0173 kursuose prie K\u016bno kult\u016bros instituto Kaune (LVKKI). Dirbo: 1942\u20131961 m. Virbalio gele\u017einkelio stotyje ie\u0161mininku, bud\u0117toju; 1961\u20131984 m. \u2013 Kybart\u0173 prekybos \u012frengim\u0173 gamykloje (P\u012eG) gamini\u0173 kokyb\u0117s kontrolieriumi, sporto metodininku. <strong>\u017daid\u0117 futbol\u0105: 1945, 1947, 1948 m. Kybart\u0173 \u201eSveikatoje\u201c<\/strong>, 1946,1949\u20131951 m.<strong> Kybart\u0173 \u201e\u017dalgiryje\u201c <\/strong>(Lietuvos pirmenyb\u0117s, Suvalkijos zona),1952 m. \u2013 GSK (Gele\u017einkelinink\u0173 sporto klube), 1953\u20131963 m. \u2013<strong> Kybart\u0173 \u201eSveikatoje\u201c<\/strong>, Lietuvos futbolo gele\u017einkelio rinktin\u0117je (1947, Pabaltijo \u0161ali\u0173 \u010dempionatas). <strong>\u201eSveikatos\u201c <\/strong>\u017eaid\u017eiantysis treneris (1958\u20131963m.), treneris (1963\u20131984). <strong>\u201eSveikatos\u201c<\/strong> ledo ritulio komandos treneris (1952\u20131980 m). Treneris \u2013 Lietuvos ledo ritulio<strong> \u201eNemuno\u201c <\/strong>rinktin\u0117 (1962 m.). Lietuvos futbolo<strong> \u201eNemuno\u201c<\/strong> draugijos \u010dempionas (1952 m.).<strong> \u017daid\u0117jas, treneris \u2013 Lietuvos futbolo auk\u0161\u010diausios lygos dalyvis <\/strong>(1949\u20131952 m., 1973\u20131977 m., 1981 m.).<strong> Mir\u0117 1987 m. bir\u017eelio 4 d., palaidotas Kybartuose.<\/strong> \u017dymiausi aukl\u0117tiniai: A. Puod\u017ei\u016bnas, V. Pakalka, A. Liubinskas, A. Ziegoraitis, R. Kochanauskas, A. Mikalauskas, J. Aleksa, V. Tutlys, K. Gra\u017eulis. 1988\u20132017 m. Kybartuose rengiamas respublikinis futbolo turnyras Vytauto Kochanausko taurei laim\u0117ti. 2016 m. spalio 31 d., \u012fam\u017einant<strong> V. Kochanausko-sportininko atminim\u0105, Vilniuje surengtas respublikinis skulptori\u0173 konkursas<\/strong> geriausiam paminklo projektui laim\u0117ti. 2019 m. vasar\u0105 Kybart\u0173 stadione atidengtas paminklas legendinio trenerio ind\u0117liui \u012f <strong>Kybart\u0173 futbol\u0105 atminti<\/strong>. <\/p>\n\n\n\n<p class=\"has-secondary-color has-text-color\"><strong>\u017dmon\u0117s prisid\u0117j\u0119 prie paminklo atsiradimo Kybartuose:<\/strong> <\/p>\n\n\n\n<ol type=\"1\" class=\"has-secondary-color has-text-color wp-block-list\">\n<li>VIKTORAS KALABUCHOVAS<\/li>\n\n\n\n<li>K\u0118STUTIS LUKO\u0160EVI\u010cIUS<\/li>\n\n\n\n<li>LINAS JAKAS \/ADLEX<\/li>\n\n\n\n<li>ART\u016aRAS STU\u010cYS<\/li>\n\n\n\n<li>MINDAUGAS MATULAITIS<\/li>\n\n\n\n<li>ROMAS BARONAS<\/li>\n\n\n\n<li>LUKAS KOCHANAUSKAS<\/li>\n\n\n\n<li>JONAS JANU\u0160AUSKAS<\/li>\n\n\n\n<li>RIMAS SABALIAUSKAS \/GRANPLASTA<\/li>\n\n\n\n<li>NERIJUS DUNAUSKAS<\/li>\n\n\n\n<li>NERIJUS DEMENIUS<\/li>\n\n\n\n<li>VIDMANTAS BURBA<\/li>\n\n\n\n<li>ALFONSAS BURBA<\/li>\n\n\n\n<li>ANDRIUS KOCHANAUSKAS<\/li>\n\n\n\n<li>HAROLDAS KERU\u0160AUSKAS<\/li>\n\n\n\n<li>RENATAS RAMANAUSKAS<\/li>\n\n\n\n<li>TOMAS MIKALAUSKAS<\/li>\n\n\n\n<li>ZIGMAS BOTYRIUS<\/li>\n\n\n\n<li>ALGIS SIVINCKAS<\/li>\n\n\n\n<li>GINTAR\u0116 AKRANGLYT\u0116<\/li>\n\n\n\n<li>ALGIMANTAS LIUBINSKAS J.<\/li>\n\n\n\n<li>GUILHERME WENT FEREIRA<\/li>\n\n\n\n<li>ALVYDAS RADZEVI\u010cIUS<\/li>\n\n\n\n<li>MINDAUGAS SUKACKAS<\/li>\n\n\n\n<li>VIKTORAS \u0160KLIUDERIS<\/li>\n\n\n\n<li>VILNIAUS SENJOR\u0172 FUTBOLO KLUBAS<\/li>\n\n\n\n<li>SPORTLAND<\/li>\n\n\n\n<li>AR\u016aNAS MALAJEVAS<\/li>\n\n\n\n<li>EDVINAS GIRDVAINIS<\/li>\n\n\n\n<li>A.S. NORKELI\u016aNAI<\/li>\n\n\n\n<li>A.R.KEREI\u0160AI<\/li>\n\n\n\n<li>ROBERTAS DELTUVAS<\/li>\n\n\n\n<li>ART\u016aRAS GUDELIS<\/li>\n\n\n\n<li>A.\u017d.STO\u010cKAI<\/li>\n\n\n\n<li>RI\u010cARDAS VALAITIS<\/li>\n\n\n\n<li>ALGIRDAS BUTKEVI\u010cIUS<\/li>\n\n\n\n<li>ALGIRDAS VAITKEVI\u010cIUS<\/li>\n\n\n\n<li>15MIN.LT<\/li>\n\n\n\n<li>AIDAS \u017dILINSAKAS<\/li>\n\n\n\n<li>FK MEGLAR<\/li>\n\n\n\n<li>EULOTO<\/li>\n\n\n\n<li>V.V.KORSAKAI<\/li>\n\n\n\n<li>MANTAS BAL\u010cI\u016aNAS<\/li>\n\n\n\n<li>REGIMANTAS \u0160NIPAITIS<\/li>\n\n\n\n<li>NERIJUS JOKANTAS<\/li>\n\n\n\n<li>MARIUS VILEMAITIS<\/li>\n\n\n\n<li>SERG\u0116JUS SLYVA\/KAFF<\/li>\n\n\n\n<li>K\u0118STUTIS MICKEVI\u010cIUS<\/li>\n\n\n\n<li>R.N. LAPINSKAI<\/li>\n\n\n\n<li>ROMAS PIK\u010cILINGIS<\/li>\n\n\n\n<li>ART\u016aRAS RAMANAUSKAS<\/li>\n\n\n\n<li>GINTAUTAS MIRAUSKAS\/\u0160AFF<\/li>\n\n\n\n<li>VALDEMARAS BALTRU\u0160AITIS<\/li>\n\n\n\n<li>EVALDAS \u010cERNIAUSKAS<\/li>\n\n\n\n<li>EDVINAS BULKAITIS<\/li>\n\n\n\n<li>ARVYDAS DAILID\u0116<\/li>\n\n\n\n<li>AD\u017dELIKA ZAVECKAIT\u0116<\/li>\n\n\n\n<li>VAIDAS PETNI\u016aNAS<\/li>\n\n\n\n<li>FK PRESAS<\/li>\n\n\n\n<li>R\u016aTA ZIEGORAITYT\u0116<\/li>\n\n\n\n<li>MATAS KI\u0160K\u0116NAS<\/li>\n\n\n\n<li>\u0160ILUT\u0116S FUTBOLO VETERAN\u0172 KLUBAS<\/li>\n\n\n\n<li>MARIUS BEZYKORNOVAS<\/li>\n\n\n\n<li>TAURAG\u0116S FUTBOLO VETERAN\u0172 KLUBAS<\/li>\n\n\n\n<li>ALGIRDAS MICKEVI\u010cIUS<\/li>\n\n\n\n<li>NAGLIS MIKNEVI\u010cIUS<\/li>\n\n\n\n<li>ART\u016aRAS KRI\u0160TOLAITIS<\/li>\n\n\n\n<li>KYBART\u0172 BAIKERI\u0172 KLUBAS<\/li>\n\n\n\n<li>RYTIS DAVIDOVI\u010cIUS\/NAVIGATORIAI<\/li>\n\n\n\n<li>PAULIUS MAL\u017dINSKAS\/VRFS<\/li>\n\n\n\n<li>A LYGA<\/li>\n\n\n\n<li>FK TEC<\/li>\n\n\n\n<li>VIDAS KAKTYS<\/li>\n\n\n\n<li>GRA\u017dVYDAS RADZEVI\u010cIUS<\/li>\n\n\n\n<li>VYTENIS MATULAITIS<\/li>\n\n\n\n<li>MANTAS STEBULIAUSKAS<\/li>\n\n\n\n<li>VAIDAS SAKALAUSKAS<\/li>\n\n\n\n<li>MARIUS VAI\u0160NORA<\/li>\n\n\n\n<li>IGNAS ZOV\u0116<\/li>\n\n\n\n<li>EGIDIJUS SAKALAUSKAS<\/li>\n\n\n\n<li>AURIMAS REVAITIS<\/li>\n\n\n\n<li>EDVINAS VARNAS<\/li>\n\n\n\n<li>MANTAS \u017dILINSKAS<\/li>\n\n\n\n<li>ILMA JURKEVI\u010cI\u016aT\u0116<\/li>\n\n\n\n<li>V.E.KARALIAI<\/li>\n\n\n\n<li>LAIMIS DRUNIUS<\/li>\n\n\n\n<li>ART\u016aRAS KU\u010cINSKAS<\/li>\n\n\n\n<li>RAM\u016aNAS KU\u010cINSKAS<\/li>\n\n\n\n<li>VAIDOTAS JANU\u0160KA<\/li>\n\n\n\n<li>DARIUS BIELIAUSKAS<\/li>\n\n\n\n<li>VIOLETA KU\u0160LIEN\u0116<\/li>\n\n\n\n<li>VYTAUTAS GRUDZINSKAS<\/li>\n\n\n\n<li>SPORTTIME\/JOMA<\/li>\n\n\n\n<li>DR\u0104SUOL\u0116 BILEVI\u010cI\u016aT\u0116<\/li>\n\n\n\n<li>EGIDIJUS MEILI\u016aNAS<\/li>\n\n\n\n<li>TOMAS SIPKINAS<\/li>\n\n\n\n<li>DONATAS PUOD\u017dIUKYNAS<\/li>\n\n\n\n<li>GINTAUTAS LODA<\/li>\n\n\n\n<li>ROLANDAS DAUG\u0116LAS<\/li>\n\n\n\n<li>FK IDEPENDIANTE<\/li>\n\n\n\n<li>FK SVEIKATOS FANAI<\/li>\n\n\n\n<li>JOLANTA KA\u017dEM\u0116KAIT\u0116<\/li>\n\n\n\n<li>JUOZAS BAGDONAVI\u010cIUS<\/li>\n\n\n\n<li>TOMAS DAPK\u016aNAS<\/li>\n\n\n\n<li>FK GELE\u017dINIS VILKAS<\/li>\n\n\n\n<li>JEVGENYJ JERMAKOV<\/li>\n\n\n\n<li>LIUDAS LANIAUSKAS<\/li>\n\n\n\n<li>SAULIUS JASULEVI\u010cIUS<\/li>\n\n\n\n<li>VILA IEVYN\u0116<\/li>\n\n\n\n<li>REMIGIJUS GUD\u017dINSKAS<\/li>\n\n\n\n<li>FK UTENIS<\/li>\n\n\n\n<li>RIMANTAS RUTKAUSKAS<\/li>\n\n\n\n<li>FUTBOLOTRENRIS.LT<\/li>\n\n\n\n<li>\u017dILVINAS GELGOTA<\/li>\n\n\n\n<li>FA \u017dALGIRIETIS<\/li>\n\n\n\n<li>EDITA SANKAUSKIEN\u0116<\/li>\n\n\n\n<li>GRA\u017dVYDAS \u0160VEDAS<\/li>\n\n\n\n<li>DARIUS VENSLAUSKAS<\/li>\n\n\n\n<li>EGIDIJUS R\u016aKAS<\/li>\n\n\n\n<li>ANTANAS PO\u0160KA<\/li>\n\n\n\n<li>MARIUS MIKELKEVI\u010cIUS<\/li>\n\n\n\n<li>K.L. BUDREIKAI<\/li>\n\n\n\n<li>FK ARSENALAS KAUNAS<\/li>\n\n\n\n<li>FK VGTU-VILKAI<\/li>\n\n\n\n<li>KYBART\u0172 RASOS MOKYKLA<\/li>\n\n\n\n<li>TOMAS BROKEVI\u010cIUS<\/li>\n\n\n\n<li>KYBART\u0172 VAIKAI<\/li>\n\n\n\n<li>JONAS RA\u010cKAUSKAS<\/li>\n\n\n\n<li>AR\u016aNAS RA\u010cYLA<\/li>\n\n\n\n<li>RIMVYDAS MELZBAKAS<\/li>\n\n\n\n<li>LEONAS KIRKILOVSKIS<\/li>\n\n\n\n<li>ALGIS KIVYTA<\/li>\n\n\n\n<li>LEONAS KUDIRKA<\/li>\n\n\n\n<li>MINDAUGAS JASULEVI\u010cIUS<\/li>\n\n\n\n<li>NAURIS VAITK\u016aNAS<\/li>\n\n\n\n<li>ROBERTAS RAMANAUSKAS<\/li>\n\n\n\n<li>VIKTORIJA USTINOVIEN\u0116<\/li>\n\n\n\n<li>FC BALTIC UNITED<\/li>\n\n\n\n<li>J.R. LIEPUONIAI<\/li>\n\n\n\n<li>LINAS SNABAITIS<\/li>\n\n\n\n<li>ROMAS KATINSKAS<\/li>\n\n\n\n<li>SIGITA KAZLAUSKIEN\u0116<\/li>\n\n\n\n<li>A.P.KALIMAVI\u010cIAI<\/li>\n\n\n\n<li>POVILAS RUDAVI\u010cIUS<\/li>\n\n\n\n<li>AIVARAS KAJACKAS<\/li>\n\n\n\n<li>INGA NAKLONOVA<\/li>\n\n\n\n<li>RI\u010cARDAS LINKEVI\u010cIUS<\/li>\n\n\n\n<li>RAM\u016aNAS RA\u0160IMAS<\/li>\n\n\n\n<li>ALBERTAS IVA\u0160KEVI\u010cIUS<\/li>\n\n\n\n<li>JUOZAS REMEIKA<\/li>\n\n\n\n<li>LIETUVOS MUITIN\u0116<\/li>\n\n\n\n<li>BIRUT\u0116S ULON\u0172 BATALIONAS<\/li>\n\n\n\n<li>DAUGPILIO PASIENIO APSAGOS TARNYBA<\/li>\n\n\n\n<li>VILNIAUS PRIE\u0160GAISRIN\u0116 GELB\u0116JIMO TARNYBA<\/li>\n\n\n\n<li>VILNIAUS PASIENIO RINKTIN\u0116<\/li>\n\n\n\n<li>VYTENIO LOGISTIKOS BATALIONAS<\/li>\n\n\n\n<li>KAUNO PRIE\u0160G.GELB\u0116JIMO KOMANDA<\/li>\n\n\n\n<li>PAG\u0116GI\u0172 PASIENIO RINKTIN\u0116<\/li>\n\n\n\n<li>\u0160IAULI\u0172 VPK<\/li>\n\n\n\n<li>EMILIS KAZLAUSKAS<\/li>\n\n\n\n<li>LUKAS KIVYTA<\/li>\n\n\n\n<li>L.DK.ALGIRDO MECHANIZUOTO P\u0116STININK\u0172 BATALIONAS<\/li>\n\n\n\n<li>\u0160IAULI\u0172 PRIE\u0160G. GELB\u0116JIMO TARNYBA<\/li>\n\n\n\n<li>KAL\u0116JIM\u0172 DEPARTAMENTAS<\/li>\n\n\n\n<li>\u0160AR\u016aNAS LITVINAS<\/li>\n\n\n\n<li>ALGIMANTAS LIUBINSKAS<\/li>\n\n\n\n<li>JUOZAS SAKALAUSKAS<\/li>\n\n\n\n<li>MANTAS KEREI\u0160A<\/li>\n\n\n\n<li>AURIMAS SAUKAITIS<\/li>\n\n\n\n<li>NERIJUS BUTAUSKAS<\/li>\n\n\n\n<li>JONAS ULDINSKAS<\/li>\n\n\n\n<li>RASA SEKMISTRAITIEN\u0116<\/li>\n\n\n\n<li>LUKAS SELMISTRAITIS<\/li>\n\n\n\n<li>GRA\u017dVYDAS REVEKO<\/li>\n\n\n\n<li>RAM\u016aNAS MASTEIKA<\/li>\n\n\n\n<li>ROMUALDAS ALINSEVI\u010cIUS<\/li>\n\n\n\n<li>EDVARDAS BERNOTAS<\/li>\n\n\n\n<li>JUOZAS SUBATKIS<\/li>\n\n\n\n<li>GIEDRIUS STO\u010cKUS<\/li>\n\n\n\n<li>NERINGA KIVYTAIT\u0116<\/li>\n\n\n\n<li>NOJUS OCHRIMENKO<\/li>\n\n\n\n<li>ROMAS \u0160UNOKAS<\/li>\n\n\n\n<li>DIANA VASAITIEN\u0116<\/li>\n\n\n\n<li>VALDAS DAMBRAUSKAS<\/li>\n\n\n\n<li>M.T. MALINAUSKAI<\/li>\n\n\n\n<li>M.L..D.DOMANTAI<\/li>\n\n\n\n<li>EDVINAS VOSKA<\/li>\n\n\n\n<li>AR\u016aNAS MATULAITIS<\/li>\n\n\n\n<li>JURANAS MOSKOLIOVAS BALTIC UNITED FC<\/li>\n\n\n\n<li>ALEKSANDRAS JANOVSKIS<\/li>\n\n\n\n<li>KRISTINA RADZEVI\u010cIEN\u0116<\/li>\n\n\n\n<li>ALMANTAS BIDO\u010cIUS<\/li>\n\n\n\n<li>VAIDAS BRAZAITIS<\/li>\n\n\n\n<li>NERIJUS MOCKUS<\/li>\n\n\n\n<li>NERIJUS KAREIVA<\/li>\n\n\n\n<li>VISAGINO FUTBOLAS<\/li>\n\n\n\n<li>PAULIUS AMBRAZEVI\u010cIUS<\/li>\n\n\n\n<li>DONATAS KAZLAUSKAS\/OLIF\u0116JA<\/li>\n\n\n\n<li>MARIUS \u017dAKAS<\/li>\n\n\n\n<li>RIMVYDAS KOCHANAUSKAS<\/li>\n\n\n\n<li>\u017dYDR\u016aNAS BUZAS\/MAFF<\/li>\n\n\n\n<li>AUDRIUS KARTAVI\u010cIUS<\/li>\n\n\n\n<li>UAB BELOR<\/li>\n\n\n\n<li>DARIUS BUTKUS\/PAFF<\/li>\n<\/ol>\n\n\n\n<p class=\"has-secondary-color has-text-color\"><\/p>\n\n\n\n<p>\u017dmon\u0117s prisid\u0117j\u0119 prie paminklo <\/p>\n","protected":false},"excerpt":{"rendered":"<p> [&hellip;]<\/p>\n","protected":false},"author":2,"featured_media":0,"parent":0,"menu_order":0,"comment_status":"closed","ping_status":"closed","template":"","meta":{"om_disable_all_campaigns":false,"_monsterinsights_skip_tracking":false,"_monsterinsights_sitenote_active":false,"_monsterinsights_sitenote_note":"","_monsterinsights_sitenote_category":0,"_uf_show_specific_survey":0,"_uf_disable_surveys":false,"ngg_post_thumbnail":0,"footnotes":""},"class_list":["post-174","page","type-page","status-publish","hentry"],"aioseo_notices":[],"_links":{"self":[{"href":"https:\/\/fksveikata.lt\/index.php\/wp-json\/wp\/v2\/pages\/174","targetHints":{"allow":["GET"]}}],"collection":[{"href":"https:\/\/fksveikata.lt\/index.php\/wp-json\/wp\/v2\/pages"}],"about":[{"href":"https:\/\/fksveikata.lt\/index.php\/wp-json\/wp\/v2\/types\/page"}],"author":[{"embeddable":true,"href":"https:\/\/fksveikata.lt\/index.php\/wp-json\/wp\/v2\/users\/2"}],"replies":[{"embeddable":true,"href":"https:\/\/fksveikata.lt\/index.php\/wp-json\/wp\/v2\/comments?post=174"}],"version-history":[{"count":4,"href":"https:\/\/fksveikata.lt\/index.php\/wp-json\/wp\/v2\/pages\/174\/revisions"}],"predecessor-version":[{"id":642,"href":"https:\/\/fksveikata.lt\/index.php\/wp-json\/wp\/v2\/pages\/174\/revisions\/642"}],"wp:attachment":[{"href":"https:\/\/fksveikata.lt\/index.php\/wp-json\/wp\/v2\/media?parent=174"}],"curies":[{"name":"wp","href":"https:\/\/api.w.org\/{rel}","templated":true}]}}