{"id":182,"date":"2023-02-04T18:08:09","date_gmt":"2023-02-04T18:08:09","guid":{"rendered":"https:\/\/fksveikata.lt\/?page_id=182"},"modified":"2026-02-10T10:48:14","modified_gmt":"2026-02-10T10:48:14","slug":"tapk-klubo-nariu","status":"publish","type":"page","link":"https:\/\/fksveikata.lt\/index.php\/tapk-klubo-nariu\/","title":{"rendered":"TAPK KLUBO NARIU!"},"content":{"rendered":"\n<figure class=\"wp-block-gallery aligncenter has-nested-images columns-default is-cropped wp-block-gallery-1 is-layout-flex wp-block-gallery-is-layout-flex\">\n<figure class=\"wp-block-image size-full\"><img loading=\"lazy\" decoding=\"async\" width=\"1011\" height=\"639\" data-id=\"769\" src=\"https:\/\/fksveikata.lt\/wp-content\/uploads\/2026\/02\/NARIO-KORTELE-2026.png\" alt=\"\" class=\"wp-image-769\" srcset=\"https:\/\/fksveikata.lt\/wp-content\/uploads\/2026\/02\/NARIO-KORTELE-2026.png 1011w, https:\/\/fksveikata.lt\/wp-content\/uploads\/2026\/02\/NARIO-KORTELE-2026-300x190.png 300w, https:\/\/fksveikata.lt\/wp-content\/uploads\/2026\/02\/NARIO-KORTELE-2026-768x485.png 768w, https:\/\/fksveikata.lt\/wp-content\/uploads\/2026\/02\/NARIO-KORTELE-2026-200x126.png 200w\" sizes=\"auto, (max-width: 1011px) 100vw, 1011px\" \/><\/figure>\n<\/figure>\n\n\n\n<p class=\"has-secondary-color has-text-color\">Kvie\u010diame tapti <strong>klubo nariu 2026 metams!<\/strong><\/p>\n\n\n\n<p class=\"has-secondary-color has-text-color\">Pradedame <strong>nauj\u0173 klubo nari\u0173<\/strong> pri\u0117mim\u0105. Manome, kad esate supratingi ir nario mokestis nebus didel\u0117 finansin\u0117 na\u0161ta j\u016bs\u0173 biud\u017eetui. Visi suprantame, <strong>kad pagrindinis m\u016bs\u0173 tikslas parama<\/strong> klubui.<\/p>\n\n\n\n<p class=\"has-secondary-color has-text-color\">Tapk klubo nariu ir su\u017einok koki\u0173 naud\u0173 gauna kiekvienas m\u016bs\u0173 narys!<\/p>\n\n\n\n<p class=\"has-secondary-color has-text-color\"><\/p>\n","protected":false},"excerpt":{"rendered":"<p> [&hellip;]<\/p>\n","protected":false},"author":2,"featured_media":0,"parent":0,"menu_order":0,"comment_status":"closed","ping_status":"closed","template":"","meta":{"om_disable_all_campaigns":false,"_monsterinsights_skip_tracking":false,"_monsterinsights_sitenote_active":false,"_monsterinsights_sitenote_note":"","_monsterinsights_sitenote_category":0,"_uf_show_specific_survey":0,"_uf_disable_surveys":false,"ngg_post_thumbnail":0,"footnotes":""},"class_list":["post-182","page","type-page","status-publish","hentry"],"aioseo_notices":[],"_links":{"self":[{"href":"https:\/\/fksveikata.lt\/index.php\/wp-json\/wp\/v2\/pages\/182","targetHints":{"allow":["GET"]}}],"collection":[{"href":"https:\/\/fksveikata.lt\/index.php\/wp-json\/wp\/v2\/pages"}],"about":[{"href":"https:\/\/fksveikata.lt\/index.php\/wp-json\/wp\/v2\/types\/page"}],"author":[{"embeddable":true,"href":"https:\/\/fksveikata.lt\/index.php\/wp-json\/wp\/v2\/users\/2"}],"replies":[{"embeddable":true,"href":"https:\/\/fksveikata.lt\/index.php\/wp-json\/wp\/v2\/comments?post=182"}],"version-history":[{"count":4,"href":"https:\/\/fksveikata.lt\/index.php\/wp-json\/wp\/v2\/pages\/182\/revisions"}],"predecessor-version":[{"id":784,"href":"https:\/\/fksveikata.lt\/index.php\/wp-json\/wp\/v2\/pages\/182\/revisions\/784"}],"wp:attachment":[{"href":"https:\/\/fksveikata.lt\/index.php\/wp-json\/wp\/v2\/media?parent=182"}],"curies":[{"name":"wp","href":"https:\/\/api.w.org\/{rel}","templated":true}]}}