{"id":226,"date":"2023-02-05T19:08:47","date_gmt":"2023-02-05T19:08:47","guid":{"rendered":"https:\/\/fksveikata.lt\/?page_id=226"},"modified":"2025-05-26T18:53:52","modified_gmt":"2025-05-26T18:53:52","slug":"paremk-kluba","status":"publish","type":"page","link":"https:\/\/fksveikata.lt\/index.php\/paremk-kluba\/","title":{"rendered":"PAREMK KLUB\u0104"},"content":{"rendered":"\n<p><\/p>\n\n\n\n<figure class=\"wp-block-image aligncenter size-full is-resized\"><img loading=\"lazy\" decoding=\"async\" width=\"1080\" height=\"1080\" src=\"https:\/\/fksveikata.lt\/wp-content\/uploads\/2025\/05\/8f15be64-85e8-40aa-ac96-f30cf3ae1daa.jpg\" alt=\"\" class=\"wp-image-739\" style=\"width:552px;height:auto\" srcset=\"https:\/\/fksveikata.lt\/wp-content\/uploads\/2025\/05\/8f15be64-85e8-40aa-ac96-f30cf3ae1daa.jpg 1080w, https:\/\/fksveikata.lt\/wp-content\/uploads\/2025\/05\/8f15be64-85e8-40aa-ac96-f30cf3ae1daa-300x300.jpg 300w, https:\/\/fksveikata.lt\/wp-content\/uploads\/2025\/05\/8f15be64-85e8-40aa-ac96-f30cf3ae1daa-1024x1024.jpg 1024w, https:\/\/fksveikata.lt\/wp-content\/uploads\/2025\/05\/8f15be64-85e8-40aa-ac96-f30cf3ae1daa-150x150.jpg 150w, https:\/\/fksveikata.lt\/wp-content\/uploads\/2025\/05\/8f15be64-85e8-40aa-ac96-f30cf3ae1daa-768x768.jpg 768w, https:\/\/fksveikata.lt\/wp-content\/uploads\/2025\/05\/8f15be64-85e8-40aa-ac96-f30cf3ae1daa-200x200.jpg 200w\" sizes=\"auto, (max-width: 1080px) 100vw, 1080px\" \/><\/figure>\n\n\n\n<p class=\"has-secondary-color has-text-color has-regular-font-size\">Prisid\u0117kite prie Kybart\u0173 ,, Sveikata&#8221; augimo ir jaun\u0173j\u0173 \u017eaid\u0117j\u0173 ugdymo skirdami 1,2 % GPM. <strong>REKVIZITAI:<\/strong><\/p>\n\n\n\n<p><\/p>\n\n\n\n<p class=\"has-secondary-color has-text-color\">Kybart\u0173 miesto sporto klubas ,,Sveikata&#8221;, \u012em. kodas 293119520<\/p>\n\n\n\n<p class=\"has-secondary-color has-text-color\">Pamok\u0117l\u0119 kaip skirti 1,2% GPM galite rasti video \u017eemiau:<\/p>\n\n\n\n<figure class=\"wp-block-embed is-type-video is-provider-youtube wp-block-embed-youtube wp-embed-aspect-16-9 wp-has-aspect-ratio\"><div class=\"wp-block-embed__wrapper\">\n<iframe loading=\"lazy\" title=\"Kaip skirti dal\u012f GPM paramai vedliu?\" width=\"500\" height=\"281\" src=\"https:\/\/www.youtube.com\/embed\/VVpaY-FFbKk?start=51&#038;feature=oembed\" frameborder=\"0\" allow=\"accelerometer; autoplay; clipboard-write; encrypted-media; gyroscope; picture-in-picture; web-share\" referrerpolicy=\"strict-origin-when-cross-origin\" allowfullscreen><\/iframe>\n<\/div><\/figure>\n\n\n\n<p><\/p>\n\n\n\n<p><\/p>\n","protected":false},"excerpt":{"rendered":"<p> [&hellip;]<\/p>\n","protected":false},"author":2,"featured_media":0,"parent":0,"menu_order":0,"comment_status":"closed","ping_status":"closed","template":"","meta":{"om_disable_all_campaigns":false,"_monsterinsights_skip_tracking":false,"_monsterinsights_sitenote_active":false,"_monsterinsights_sitenote_note":"","_monsterinsights_sitenote_category":0,"_uf_show_specific_survey":0,"_uf_disable_surveys":false,"ngg_post_thumbnail":0,"footnotes":""},"class_list":["post-226","page","type-page","status-publish","hentry"],"aioseo_notices":[],"_links":{"self":[{"href":"https:\/\/fksveikata.lt\/index.php\/wp-json\/wp\/v2\/pages\/226","targetHints":{"allow":["GET"]}}],"collection":[{"href":"https:\/\/fksveikata.lt\/index.php\/wp-json\/wp\/v2\/pages"}],"about":[{"href":"https:\/\/fksveikata.lt\/index.php\/wp-json\/wp\/v2\/types\/page"}],"author":[{"embeddable":true,"href":"https:\/\/fksveikata.lt\/index.php\/wp-json\/wp\/v2\/users\/2"}],"replies":[{"embeddable":true,"href":"https:\/\/fksveikata.lt\/index.php\/wp-json\/wp\/v2\/comments?post=226"}],"version-history":[{"count":5,"href":"https:\/\/fksveikata.lt\/index.php\/wp-json\/wp\/v2\/pages\/226\/revisions"}],"predecessor-version":[{"id":742,"href":"https:\/\/fksveikata.lt\/index.php\/wp-json\/wp\/v2\/pages\/226\/revisions\/742"}],"wp:attachment":[{"href":"https:\/\/fksveikata.lt\/index.php\/wp-json\/wp\/v2\/media?parent=226"}],"curies":[{"name":"wp","href":"https:\/\/api.w.org\/{rel}","templated":true}]}}