{"id":370,"date":"2023-05-01T16:40:30","date_gmt":"2023-05-01T16:40:30","guid":{"rendered":"https:\/\/fksveikata.lt\/?page_id=370"},"modified":"2023-05-01T16:48:42","modified_gmt":"2023-05-01T16:48:42","slug":"klubo-istorija","status":"publish","type":"page","link":"https:\/\/fksveikata.lt\/index.php\/klubo-istorija\/","title":{"rendered":"Klubo istorija"},"content":{"rendered":"\n<p>ad<\/p>\n\n\n\n<figure class=\"wp-block-image aligncenter size-full is-resized\"><img loading=\"lazy\" decoding=\"async\" src=\"https:\/\/fksveikata.lt\/wp-content\/uploads\/2023\/02\/ESC_FK-SVEIKATA.png\" alt=\"\" class=\"wp-image-45\" width=\"186\" height=\"232\" srcset=\"https:\/\/fksveikata.lt\/wp-content\/uploads\/2023\/02\/ESC_FK-SVEIKATA.png 280w, https:\/\/fksveikata.lt\/wp-content\/uploads\/2023\/02\/ESC_FK-SVEIKATA-241x300.png 241w\" sizes=\"auto, (max-width: 186px) 100vw, 186px\" \/><\/figure>\n\n\n\n<p class=\"has-secondary-color has-text-color\"><strong>\u201eSveikatos\u201c futbolo istorijos entuziast\u0173 \u017einiomis, <\/strong>Kybart\u0173 pasodos futbolo komand\u0105 i\u0161 vietini\u0173 paaugli\u0173 sub\u016br\u0117 vokietis Freitahas 1919 metais. Komanda, i\u0161 prad\u017ei\u0173 pasikrik\u0161tijusi \u201eBanga\u201c, po met\u0173 tapo \u201eSveikata\u201c ir vis dar gyvuoja kaip futbolo fan\u0173 klubas, kuriam pavyko ilgiausiai Lietuvoje i\u0161saugoti nepakeistus ir komandos vardo, ir dvispalv\u0117s (\u201eraudon\u0173-m\u0117lyn\u0173\u201c) uniformos! \u201eSveikatos\u201c komandoje \u017eaid\u0117 keturi\u0173 tautybi\u0173 \u017emon\u0117s \u2013 lietuviai, rusai, vokie\u010diai ir \u017eydai. Pirmieji Kybart\u0173 futbolo entuziastai buvo: Petrukaitis, broliai \u0160islos, Kan\u010dius, Si\u010diovas, Kemerz\u016bnas, Vilkaitis, vartininkas Radzevi\u010dius. Kol Lietuvos \u010dempionat\u0173 dar niekas nereng\u0117, komanda, kada traukiniu, kada ve\u017eimais, i\u0161ried\u0117davo \u012f susitikimus su var\u017eovais. \u0160i\u0173 tada ne itin daug ir buvo \u2013 Klaip\u0117doje, Kaune, bet daugiausiai rungtyniauta su Rytpr\u016bsi\u0173 komandomis. Ir jas jau pavykdavo nugal\u0117ti&#8230;<strong> Sunkiai gyvuodama komanda kasmet stipr\u0117jo, atsirado r\u0117m\u0117j\u0173, j\u0105 remian\u010di\u0173 savomis l\u0117\u0161omis.<\/strong> Pirm\u0105j\u012f de\u0161imtmet\u012f Kybart\u0173 futbolininkams pad\u0117jo A. Draug\u0117laitis, kuris net \u0117m\u0117 pardavin\u0117ti savo \u017eemes, paskui nupirk\u0119s autobus\u0105, paleido j\u012f kursuoti tarp Kauno ir Alytaus. U\u017e perve\u017eimus gaut\u0105 peln\u0105 skyr\u0117 \u201eSveikatos\u201c reikm\u0117ms, o prireikus tuo autobusu \u017eaid\u0117jus ve\u017eiodavo \u012f var\u017eybas. A. Draug\u0117lai\u010dio d\u0117ka neilgai trukus i\u0161 miesto savivaldyb\u0117s buvo nupirktas sklypas futbolo aik\u0161tei \u012frengti (dabartinio stadiono teritorija). <strong>1922 m. bir\u017eelio 10 d. Kybart\u0173 \u0161auli\u0173 klubas \u012fregistruoja ,,Sveikatos\u201c sporto klub\u0105 Vilkavi\u0161kio apskrities vir\u0161ininko ra\u0161tin\u0117je. <\/strong>1923 m. ,,Sveikatos\u201c futbolo klubas jau tampa visos Suvalkijos pa\u017eiba. Intensyviai trenirav\u0119si ,,Sveikatos\u201c futbolininkai rudeniop pasiek\u0117 neblog\u0105 sportin\u0119 form\u0105 ir rugpj\u016b\u010dio 19 d. Kybartuose apsilank\u0119 gana patyr\u0119 Kauno ,,Makabi\u201c futbolininkai tur\u0117jo tenkintis tik lygiosiomis. Kybartie\u010diai, pritardami si\u016blymui steigti Lietuvos futbolo lyg\u0105, kurioje \u017eaist\u0173 geriausios klubin\u0117s futbolo komandos, pasiun\u010dia savo atstovus \u012f 1923 m. lapkri\u010dio 25 d. Kaune su\u0161aukt\u0105 pirm\u0105j\u012f futbolo kongres\u0105, kuriame dalyvavo visos Lietuvos sporto organizacijos. Iki 1924 m. \u012f Kybart\u0173 \u201eSveikatos\u201c futbolo komand\u0105 \u012fsiliejo pora \u017eaid\u0117j\u0173 i\u0161 Kauno \u2013 tai buvo Kasiulevi\u010dius ir \u0160velnys. \u201eSveikata\u201c \u0117m\u0117 virsti stipriu sportiniu vienetu, didesniuose turnyruose u\u017eimti 3\u20134 vietas. 1927 m. Lietuvos lygoje lo\u0161\u0117 vis\u0173 futbolo apygard\u0173 stipriausi\u0173 klub\u0173 klas\u0117, \u012f kuri\u0105 buvo priimti <strong>4 Kauno klubai (LFLS, \u201eTauras\u201c, \u201eKovas\u201c, LGSF), 2 Klaip\u0117dos klubai (KSS ir \u201eFreya\u201c) ir 1 Suvalkijos apygardos klubas \u2013 tai buvo Kybart\u0173 \u201eSveikata\u201c. <\/strong>1928 m. sveikatie\u010di\u0173 rungtyniauta labai pakiliai. Pirmiausia palau\u017eiami Eitk\u016bn\u0173 ,,Vorwarts\u201c futbolininkai. Su sve\u010diais kybartie\u010diai \u017eaid\u0117 tik devyniese, tod\u0117l antro k\u0117linio prad\u017eioje rezultatui tapus 2:0, vokie\u010diai i\u0161 g\u0117dos atsisak\u0117 toliau kovoti.<strong> V\u0117liau ,,Sveikata\u201c vokie\u010diams \u012fkirto dar skaud\u017eiau<\/strong> \u2013 10:1! Taip pat laim\u0117jo rungtynes su garsi\u0105ja Klaip\u0117dos ,,Spielvereinigung\u201c 3:1 ir 9:2 su Pilkalnio ,,Eintracht\u201c. 1930 m. Kybart\u0173 ,,Sveikata\u201c be didesnio vargo tapo ir Suvalkijos \u010dempione. Ji nugal\u0117jo Marijampol\u0117s LFLS 8:1 ir nauj\u0105 <strong>Vilkavi\u0161kio ,,Tauro\u201c komand\u0105 9:0<\/strong>. 1931 m. Suvalkijos futbol\u0105 ap\u0117m\u0117 did\u017eiulis pagyv\u0117jimas \u2013 baland\u017eio 19 d. Kybartuose buvo atidarytas naujas stadionas. Po i\u0161kilmi\u0173 ,,Sveikata\u201c \u017eaid\u0117 su Gumbin\u0117s ,,Gr\u00fcn-Weiss\u201c ir laim\u0117jo 5:2. Nors aik\u0161t\u0117 dar buvo nei\u0161d\u017ei\u016bvusi, ta\u010diau tai rungtyni\u0173 gro\u017eiui ma\u017eai pakenk\u0117.<strong> Gegu\u017e\u0117s 16 ir 17 d. Kaune buvo surengtas<\/strong> tradicinis apygard\u0173 futbolo turnyras. Po \u0161io, 1931 m. Suvalkijos apygardos, turnyro Kybart\u0173 ,,Sveikatos\u201c komandai buvo suteikta teis\u0117 \u017eaisti Lietuvos futbolo lygoje. 1932 m. sezonas ,,Sveikatai\u201c buvo s\u0117kmingas. Lietuvos futbolo lygoje u\u017eimta garbinga 4-oji vieta (auk\u0161\u010diausia vieta, kuri\u0105 ,,Sveikatai\u201c apskritai yra pavyk\u0119 u\u017eimti per vis\u0105 savojo klubo istorij\u0105). Vilkavi\u0161kyje Jaunalietuvi\u0173 organizacijai sub\u016brus savo futbolo komand\u0105, stipriausius Kybart\u0173 \u017eaid\u0117jus \u0117m\u0117 vilioti ir kaimynai. Ir nieko nuostabaus, kad \u201eSveikata\u201c, i\u0161 jos pasitraukus stipriems \u017eaid\u0117jams, \u0117m\u0117 krikti. Komandos sud\u0117tis da\u017enai buvo kaitaliojama ir \u017eaid\u0117 labai nepastoviai. Ta\u010diau \u201eJSO Kybartai\u201c klubas triumfavo, kybartie\u010diams jaunalietuviams tapus JSO apygardos futbolo pirmenybi\u0173 nugal\u0117tojais ir 1937 m. i\u0161kopus \u012f auk\u0161\u010diausi\u0105j\u012f Lietuvos futbolo \u010dempionat\u0105, kur jaunalietuvius jau kelerius met\u0173 reprezentavo Centrinio JSO klubo futbolo komanda. Juozo Branto teigimu, ilgiausiai \u201eSveikatos\u201c futbolo komandos spalvas gyn\u0119s \u017eaid\u0117jas nuo pat prad\u017eios iki 1941 m. buvo Kybart\u0173 \u0161aulys Edmundas Kilmanas. Tarpukario metais Kybart\u0173 miestas i\u0161augino daug futbolinink\u0173, garsinusi\u0173 ne tik Kybart\u0173 vard\u0105, bet ir Lietuv\u0105: <strong>dar prie\u0161 Antr\u0105j\u012f pasaulin\u012f kar\u0105 kybartietis E. Glugauskas i\u0161keliavo \u012f Urugvaj\u0173 ir buvo pakviestas \u012f nacionalin\u0119 tos \u0161alies rinktin\u0119;<\/strong> kybartietis Vytautas Gele\u017ei\u016bnas \u017eaid\u0117 Lietuvos futbolo rinktin\u0117je ir buvo vienas i\u0161 geriausi\u0173 jos gyn\u0117j\u0173; 1937 m. V. Gele\u017ei\u016bnas ir kybartietis \u010ceslovas \u0160opys dalyvavo Lietuvos futbolo rinktin\u0117s pasaulio \u010dempionato finalin\u0117se rungtyn\u0117se (Lietuva\u2013Latvija 2:4). \u010c. \u0160opys su Lietuvos rinktine 1935 m. Taline tapo Pabaltijo turnyro nugal\u0117tojais. V\u0117liau\u012f Vakarus pasitrauk\u0119s Kazimieras Baltramonaitis (Baltramonas) buvo vienas i\u0161 trij\u0173 entuziast\u0173, sub\u016brusi\u0173 \u010cikagoje (JAV) gyvenan\u010di\u0173 lietuvi\u0173 futbolo klub\u0105 \u2013 \u201eLituanica\u201c (LITHS). Rus\u0173 okupacijos metais sportinis gyvenimas Kybartuose tarytum apmir\u0117. 1942 m. ruden\u012f vokie\u010di\u0173 komendant\u016bros \u012fsakymu Kybart\u0173 stadionas imtas taikyti karo reikm\u0117ms: aik\u0161t\u0117je auginta \u017eol\u0117 arkliams, o persirengimo katalpose laikytas \u0161ienas. Iki karo pabaigos futbolo treniruot\u0117s Kybartuose vykdavo vadinamosiose daktaro \u0160neiderio pievose, kurios buvo prie pat sienos su Vokietija. \u010cia taip pat buvo at\u0161v\u0119stas ir <strong>Kybart\u0173 \u201eSveikatos\u201c 25-metis:<\/strong> su\u017eaistos rungtyn\u0117s tarp I ir II komand\u0173 ir pagerbtas seniausias ilgiausiai futbol\u0105 \u017eaid\u0119s sveikatietis Kazys Baltramonaitis. Jau pirm\u0105j\u012f sekmadien\u012f po karo Kybartai v\u0117l \u017eaid\u0117 futbol\u0105. 1945 m. pavasar\u012f prasid\u0117jo futbolo sezonas. 1945 m. buvo i\u0161ai\u0161kintas ir pirmasis sovietin\u0117s Lietuvos \u010dempionas. Kybartams laikinai tapus rajono centru (nes Vilkavi\u0161kio centras buvo sugriautas) Kybart\u0173 mieste \u012fkurtas ir Sporto komitetas, kurio pirmininku laikinai buvo paskirtas Aleksas Naujokaitis. Buvo prad\u0117ta stadiono rekonstrukcija. Toje pat aik\u0161t\u0117je sporto entuziast\u0173 pastangomis u\u017elygintos bomb\u0173 duob\u0117s, i\u0161kasti per kar\u0105 stadione palaidot\u0173 sovietini\u0173 kari\u0173 palaikai ir perlaidoti kari\u0173 kapin\u0117se, pastatyti vartai, m\u016brin\u0117 dengta \u017ei\u016brov\u0173 trib\u016bna, po ja \u012frengti persirengimo kambariai ir du\u0161ai. 1949 m. kybartie\u010diai jau su\u017eaid\u0117 pirm\u0105sias rungtynes Lietuvos futbolo auk\u0161\u010diausioje lygoje, joje Kybart\u0173 futbolo komanda \u017eaid\u0117 iki 1952 m. 1950-t\u0173 Lietuvos \u010dempionatas vyko dviem etapais. Pirmoje grup\u0117je Kybart\u0173 ,,\u017dalgiris\u201c tik vienas rungtynes prie\u0161 Panev\u0117\u017eio ,,\u017dalgir\u012f\u201c su\u017eaid\u0117 lygiosiomis 3:3, o visas kitas \u2013 laim\u0117jo ir pogrupyje buvo pirmi. 1951 m. pirmenyb\u0117se v\u0117l pakito \u010dempionato sistema. Kybart\u0173 ,,\u017dalgiris\u201c u\u017ekop\u0117 \u012f de\u0161imt\u0105 viet\u0105. <strong>1952 metais Kybartams A lygoje atstovavo GSK (Gele\u017einkelie\u010di\u0173 sporto klubo) komanda.<\/strong> Ji pasirod\u0117 nes\u0117kmingai ir u\u017e\u0117m\u0117 paskutin\u0119 (dvylikt\u0105) viet\u0105 nusirisdama \u012f \u017eemesn\u0119 lyg\u0105. Tenka apgailestauti, kad nuo tada Kybart\u0173 futbolininkams ilgus metus nepavykdavo sugr\u012f\u017eti \u012f Lietuvos pirmenybi\u0173 A lyg\u0105. Komanda \u017eaisdavo \u017eemesn\u0117se lygose. Pasirodyta \u012fvairiai, ir vis d\u0117lto Kybartuose futbolas gyvavo. 1959 \u2013 1969 m. ,,Sveikatos\u2018\u2018 futbolininkams buvo gana nes\u0117kmingas. Niekaip nepavykdavo prasimu\u0161ti \u012f A lyg\u0105, pritr\u016bkdavo tai keli\u0173 ta\u0161keli\u0173, tai sportin\u0117s s\u0117km\u0117s. Vis d\u0117lto Kybart\u0173 sirgaliai pl\u016bsdavo \u012f stadion\u0105 palaikyti savo mylimos komandos. Ir ji atsid\u0117kodavo jiems puikiomis pergal\u0117mis ir pirmenyb\u0117se, ir ,,Tiesos\u201c taur\u0117s var\u017eybose: 1961 metais ,, Sveikata\u201d tampa Kauno zonos ,, Tiesos\u201d taur\u0117s nugal\u0117toja; 1963 m. Kybart\u0173 miesto \u201eLokomotyvo\u201c futbolininkai, kovodami Pabaltijo taur\u0117s futbolo var\u017eybose, pateko \u012f final\u0105 ir pirm\u0105kart tapo \u0161io turnyro nugal\u0117tojais; s\u0117kmingai startavusi \u201eSveikatos\u201c veteran\u0173 vienuolik\u0117, vadovaujama patyrusio futbolininko Vytauto Kochanausko, 1963 m. spal\u012f susitiko Kybartuose su Vilniaus veteranais ir \u012ftikinamai i\u0161kovojo turnyro taur\u0119. \u0160iuo laikotarpiu kelet\u0105 met\u0173 Kybartuose buvo trys komandos: ,,Sveikata\u201c, ,,Liepona\u201c ir ,,Lokomotyvas\u201c. <strong>1969 m. \u201eSveikata\u201c at\u0161ven\u010dia klubo gyvavimo 50-met\u012f.<\/strong> Komand\u0105 jau devinti metai treniravo V. Kochanauskas, o globojo Prekybos \u012frengim\u0173 gamykla. Prasid\u0117jo kart\u0173 kaita. 1973\u20131977 metais \u0161alies \u010dempionatas vyko dviem etapais: i\u0161 prad\u017ei\u0173 ,,\u017dalgirio\u2018\u2018 ir ,,Nemuno\u2018\u2018 pogrupiuose \u2013 j\u0173 prizininkai (6 komandos) i\u0161siai\u0161kindavo medalininkus. 1973 m. ,,Nemuno\u2018\u2018 \u010dempionate ,,Sveikata\u2018\u2018 liko prie\u0161paskutin\u0117 (11-ta). Kur kas s\u0117kmingesnis kybartie\u010diams buvo 1974 m. sezonas. ,,Nemuno\u201c pirmenyb\u0117se u\u017eimta garbinga 6 vieta. 1976 m. ,,Nemuno\u201c pogrupyje v\u0117l u\u017eimta 6 vieta. Tada po keturias komandas i\u0161 ,,Nemuno\u2018\u2018 ir ,,\u017dalgirio\u2018\u2018 pogrupi\u0173 kovojo d\u0117l \u010dempion\u0173 vard\u0173. Likusios komandos var\u017e\u0117si d\u0117l savo draugij\u0173 tauri\u0173. ,,Sveikata\u201c u\u017e\u0117m\u0117 antr\u0105 viet\u0105 nusileisdama tik Marijampol\u0117s (tada \u2013 Kapsuko) ,,S\u016bduvai\u2018\u2018. 1977 m. pirmenyb\u0117s vyko kaip ir ankstesniais metais. Sveikatie\u010diai pogrupyje liko septinti, o taur\u0117s var\u017eybose buvo ketvirti. ,,Sveikata\u201c 1978 metais ,,Nemuno\u2018\u2018 \u010dempionate laim\u0117jo 3-\u010di\u0105 viet\u0105. 1979\u20131989 m. komanda \u017eaid\u0117 Lietuvos A klas\u0117s \u201eNemuno\u201c \u010dempionate. 1978 m. tapo \u0161io \u010dempionato bronzos laim\u0117toja, o 1980 m. ir 1984 m. \u201eSveikata\u201c tapo \u201eNemuno\u201c XII \u017eaidyni\u0173 futbolo var\u017eyb\u0173 \u010dempione. 1984 m., tapusi ,,Nemuno\u201c \u010dempione, komanda tris sezonus i\u0161silaik\u0117 auk\u0161\u010diausioje lygoje. 1986 metais pasiekiamas vienas geriausi\u0173 pokario met\u0173 rezultat\u0173: auk\u0161\u010diausioje lygoje u\u017eimama 9 vieta (rezultato pagerinti nepavyksta iki \u0161iolei). Po s\u0117kming\u0173 sezon\u0173 sek\u0117 atosl\u016bgis. Komanda nei\u0161silaik\u0117 auk\u0161\u010diausioje lygoje ir iki \u0161i\u0173 dien\u0173 \u017eaid\u017eia antrajame Lietuvos futbolo e\u0161elone. 1988 m., pra\u0117jus metams nuo legendinio trenerio Vytauto Kochanausko mirties, \u012fvyko jo atminimo turnyras. 1989 m. i\u0161kilmingai at\u0161v\u0119stas \u201eSveikatos\u201c 70-metis. 1993 m. i\u0161kilmingai \u2013 jau Nepriklausomoje Lietuvoje \u2013 surengtas antrasis<strong> V. Kochanausko (1924\u20131987) veteran\u0173 turnyras.<\/strong> ,,Sveikata\u201c <strong>1990 m. Lietuvos \u010dempionate u\u017e\u0117m\u0117 prie\u0161paskutin\u0119<\/strong> \u2013 penkiolikt\u0105 \u2013 viet\u0105 ir i\u0161krito \u012f antr\u0105j\u0105 lyg\u0105. 1999 metais siekiant pereiti prie pavasario\u2013rudens \u010dempionat\u0173 sistemos buvo su\u017eaistas tik vienas \u2013 rudens \u2013 ratas. Jame ,,Sveikata\u201c laim\u0117jo tre\u010di\u0105 viet\u0105 lygoje. 2000 m. vis\u0105 sezon\u0105 vyko atkakli kova d\u0117l pirmos vietos lygoje tarp ,,S\u016bduvos\u2018\u2018 ir ,,Sveikatos\u2018\u2018 komand\u0173. Tik papildomos rungtyn\u0117s Kaune i\u0161ai\u0161kino lygos \u010dempion\u0105. Juo tapo ,,S\u016bduva\u201c, po labai atkaklios kovos <strong>3:2 \u012fveikusi ,,Sveikat\u0105\u201c. <\/strong>2016 m. \u201eSveikatai\u201c tapo istoriniai:<strong> po 10 met\u0173 i\u0161kovoti antrosios vietos medaliai LFF II lygos piet\u0173 zonos pirmenyb\u0117se. Buvo i\u0161kovotos 9 pergal\u0117s, ta\u010diau abu kartus nusileidome pirmenybi\u0173 nugal\u0117tojams \u2013 \u201eStumbro\u201c B komandai.<\/strong> Paskutin\u0117je sezono dvikovoje sprend\u0117si prizini\u0173 viet\u0173 likimas. M\u016bs\u0173 komanda susitiko su \u201eS\u016bduvos\u201c B komanda ir, j\u0105 nugal\u0117j\u0119 3:0, i\u0161kovojo <strong>sidabro medalius.<\/strong><\/p>\n","protected":false},"excerpt":{"rendered":"<p> [&hellip;]<\/p>\n","protected":false},"author":2,"featured_media":0,"parent":0,"menu_order":0,"comment_status":"closed","ping_status":"closed","template":"","meta":{"om_disable_all_campaigns":false,"_monsterinsights_skip_tracking":false,"_monsterinsights_sitenote_active":false,"_monsterinsights_sitenote_note":"","_monsterinsights_sitenote_category":0,"_uf_show_specific_survey":0,"_uf_disable_surveys":false,"ngg_post_thumbnail":0,"footnotes":""},"class_list":["post-370","page","type-page","status-publish","hentry"],"aioseo_notices":[],"_links":{"self":[{"href":"https:\/\/fksveikata.lt\/index.php\/wp-json\/wp\/v2\/pages\/370","targetHints":{"allow":["GET"]}}],"collection":[{"href":"https:\/\/fksveikata.lt\/index.php\/wp-json\/wp\/v2\/pages"}],"about":[{"href":"https:\/\/fksveikata.lt\/index.php\/wp-json\/wp\/v2\/types\/page"}],"author":[{"embeddable":true,"href":"https:\/\/fksveikata.lt\/index.php\/wp-json\/wp\/v2\/users\/2"}],"replies":[{"embeddable":true,"href":"https:\/\/fksveikata.lt\/index.php\/wp-json\/wp\/v2\/comments?post=370"}],"version-history":[{"count":3,"href":"https:\/\/fksveikata.lt\/index.php\/wp-json\/wp\/v2\/pages\/370\/revisions"}],"predecessor-version":[{"id":380,"href":"https:\/\/fksveikata.lt\/index.php\/wp-json\/wp\/v2\/pages\/370\/revisions\/380"}],"wp:attachment":[{"href":"https:\/\/fksveikata.lt\/index.php\/wp-json\/wp\/v2\/media?parent=370"}],"curies":[{"name":"wp","href":"https:\/\/api.w.org\/{rel}","templated":true}]}}